{"id":461,"date":"2015-09-29T10:18:26","date_gmt":"2015-09-29T10:18:26","guid":{"rendered":"http:\/\/edu.konstfack.se\/organisingdiscourse\/?page_id=461"},"modified":"2015-10-02T12:38:42","modified_gmt":"2015-10-02T12:38:42","slug":"programme","status":"publish","type":"page","link":"https:\/\/edu.konstfack.se\/organisingdiscourse\/programme\/","title":{"rendered":"Programme"},"content":{"rendered":"<p><strong>Repair Society: Ringv\u00e4gen \u2013 <\/strong>a temporary open research platform<\/p>\n<p>Time: 1 \u2013 3 October, 2015<br \/>\nVenue: FFAR (forum f\u00f6r arkitektur)<br \/>\nRingv\u00e4gen 141 Stockholm. T-bana: Skanstull<\/p>\n<p>Opening Hours: Thursday \u2013 Friday: 12 \u2013 16.00, Saturday: 11 \u2013 16.00<\/p>\n<p>&nbsp;<\/p>\n<p>PROGRAMME<\/p>\n<p><span style=\"text-decoration: underline;\">Thursday 1 Oct<\/span><br \/>\n12 &#8211; 16.00 The Museum of Repair<br \/>\n12 &#8211; 16.00 Repair Share<br \/>\n16.00 &#8211; 17.30 &#8216;Repair and the Social&#8217;, a conversation with local organisations M\u00f6tesplats Kupan \u00d6stg\u00f6tagatan (R\u00f6da Korset ), \u00c5tervinnarna and Demokratipiloterna. Talk moderated by Jonatan Lennman and Johanna Tysk (Language: Swedish and English)<br \/>\n18.00 &#8216;Curation as social practice&#8217;, Public lecture\/discussion with Joanna van der Zanden<br \/>\n(Language: English) The lecture is presented in collaboration with Iaspis.<br \/>\n19.30 &#8216;Glocal conversation&#8217;, a Skype talk with\u00a0 architect Mauricio Corbalan, Buenos Aires (Language: English)<br \/>\n\u2026<br \/>\n(see below for details)<\/p>\n<p><span style=\"text-decoration: underline;\">Friday 2 Oct<\/span><br \/>\n12 &#8211; 15.00 The Museum of Repair<br \/>\n12 &#8211; 15.00 Repair Share<br \/>\n15.00 &#8216;Experiment Stockholm and Repair&#8217;, a conversation with F\u00e4rgfabriken curator Jan Ryd\u00e9n about their current exhibition (Language: English)<br \/>\n17.00 &#8216;Repair &#8211; look in both directions, back and forward&#8217;, a conversation with journalist and writer Gunilla Lundahl (Language: English)<br \/>\n18.00 &#8216;Repair workshops &#8211; a missing link&#8217;<br \/>\nConversation with Charlotta Kjerrstr\u00f6m, founder of Kretsloppsatelj\u00e9n, \u00d6rebro (Language: Swedish and English)<br \/>\n\u2026<br \/>\n(see below for details)<\/p>\n<p><span style=\"text-decoration: underline;\">Saturday 3 Oct<br \/>\n<\/span>11 &#8211; 16.00 Repair It Together (workshop with fika)<br \/>\n13.00\u00a0 Opening of the Museum of Repair<br \/>\n\u2026<br \/>\n(see below for details)<\/p>\n<p>&nbsp;<\/p>\n<p>DETAILS<\/p>\n<p><strong>&#8216;Repair and the Social&#8217;<\/strong>, Thursday 16.00<br \/>\n\u00c5tervinnarna, M\u00f6tesplats Kupan \u00d6stg\u00f6tagatan and Demokratipiloterna are all non-profit<br \/>\norganisations working with social and sustainability issues.<br \/>\n<a href=\"http:\/\/www.atervinnarna.org\/\">http:\/\/www.atervinnarna.org\/<\/a><br \/>\n<a href=\"http:\/\/www.demokratipiloterna.se\/\">http:\/\/www.demokratipiloterna.se\/<\/a><br \/>\n<a href=\"http:\/\/kommun.redcross.se\/stockholm\/stockholm-city\/motesplatser\/motesplats-ostgotagatan\/\">http:\/\/kommun.redcross.se\/stockholm\/stockholm-city\/motesplatser\/motesplats-ostgotagatan\/<\/a><\/p>\n<p><strong>&#8216;Curation as social practice&#8217;,<\/strong> Thursday, 18.00<br \/>\npublic presentation with Dutch curator Joanna van der Zanden<\/p>\n<p>Joanna van der Zanden is an independent curator working for diverse cultural institutes and initiatives. She works thematically and cross-disciplinary, addressing societal issues and making use of diverse participatory practices. In this informal lecture she will share the learning\u2019s and challenges of her practice by showing two current projects: Repair Society and Reinventing Happiness.<\/p>\n<p><strong>&#8216;Glocal conversation&#8217;<\/strong>, Thursday 19.30<br \/>\nSkype talk with Mauricio Corbalan, m7red<\/p>\n<p>m7red has been working over the last five years with a wide range of experts and non-experts, analysing, discussing, researching and making proposals on the most pressing political and urban topics.\u00a0 In these talk we will go through different proposals to discuss how community- based interactions could be designed to actively involve the local community in issues of concern<\/p>\n<p><strong>&#8216;Experiment Stockholm and Repair&#8217;<\/strong>, Friday 15.00<br \/>\nconversation with Jan Ryd\u00e9n<\/p>\n<p>EXPERIMENT STOCKHOLM is an on-going project that raises questions about and seeks to<br \/>\nexamine and experiment with strategies and solutions for dealing with the challenges of a<br \/>\nrapidly growing Stockholm region. F\u00e4rgfabriken is a conjunction point of art, architecture and<br \/>\nurban development. <a href=\"http:\/\/www.fargfabriken.se\">http:\/\/www.fargfabriken.se<\/a><\/p>\n<p><strong><br \/>\n&#8216;Repair &#8211; look in both directions, back and forward&#8217;<\/strong>, Friday 17.00<br \/>\nconversation with\u00a0 Gunilla Lundahl<\/p>\n<p>Writer and journalist Gunilla Lundahl is invited to talk about historical and present aspects or repair and social issues connected to local civic engagement movements and urban development.<\/p>\n<p><strong>Repair workshops &#8211; a missing link,<\/strong> Friday 18.00<br \/>\nFounder of Kretsloppsatelj\u00e9n in \u00d6rebro, Charlotta Kjerrstr\u00f6m talks about her practice,\u00a0 shows examples of repair activities and gives some suggestions for the future.<\/p>\n<p><strong><br \/>\nMuseum of Repair<\/strong>, Thursday &#8211; Saturday<br \/>\na temporary museum that collects the repaired, instead of searching for\u2028the prepared<\/p>\n<p>All the unique objects that managed to attain a new life through special\u2028processes, all the relationships that were renewed instead of disposed,\u2028all the things that weren\u2019t thrown away when broken. We admire\u2028the craft of repairing and we want to highlight knowledge and experience\u2028about it.\u2028If<\/p>\n<p>You have something that has been repaired \u2013 an object, a photo or\u2028just a story that you would like to contribute with, come and speak to\u2028us, bring something to lend us, a photo, at text or send an e-mail.<\/p>\n<p><strong><br \/>\nRepair Share<\/strong>, Thursday &#8211; Saturday<br \/>\nis collecting and connecting needs and knowledge about repair<\/p>\n<p>We have all thoughts or wishes about what needs repair (or improvement)\u2028but also own skills, experience or knowledge about others who have.\u2028 What if we could make new connections in-between?<\/p>\n<p>If You have thoughts and ideas around this let us know, come and speak\u2028to us or send an e-mail.<\/p>\n<p><strong><br \/>\nRepair It Together<\/strong> workshop, Saturday<br \/>\nis where we meet to talk and repair together<\/p>\n<p>Open for all, this workshop is thought of as a place to primarily meet\u2028and share thoughts and skills. Bring something to repair: a thing, a\u2028thought, anything broken or not really working, a problem, an opportunity\u2028or a skill, a tool, some material or just yourself. Fika to all\u2028 participants.<\/p>\n","protected":false},"excerpt":{"rendered":"<p>Repair Society: Ringv\u00e4gen \u2013 a temporary open research platform Time: 1 \u2013 3 October, 2015 Venue: FFAR (forum f\u00f6r arkitektur) Ringv\u00e4gen 141 Stockholm. T-bana: Skanstull Opening Hours: Thursday \u2013 Friday: 12 \u2013 16.00, Saturday: 11 \u2013 16.00 &nbsp; PROGRAMME Thursday 1 Oct 12 &#8211; 16.00 The Museum of Repair 12 &#8211; 16.00 Repair Share 16.00 [&hellip;]<\/p>\n","protected":false},"author":1,"featured_media":0,"parent":0,"menu_order":0,"comment_status":"closed","ping_status":"closed","template":"page-templates\/full-width.php","meta":{"_mc_calendar":[],"footnotes":""},"class_list":["post-461","page","type-page","status-publish","hentry"],"_links":{"self":[{"href":"https:\/\/edu.konstfack.se\/organisingdiscourse\/wp-json\/wp\/v2\/pages\/461","targetHints":{"allow":["GET"]}}],"collection":[{"href":"https:\/\/edu.konstfack.se\/organisingdiscourse\/wp-json\/wp\/v2\/pages"}],"about":[{"href":"https:\/\/edu.konstfack.se\/organisingdiscourse\/wp-json\/wp\/v2\/types\/page"}],"author":[{"embeddable":true,"href":"https:\/\/edu.konstfack.se\/organisingdiscourse\/wp-json\/wp\/v2\/users\/1"}],"replies":[{"embeddable":true,"href":"https:\/\/edu.konstfack.se\/organisingdiscourse\/wp-json\/wp\/v2\/comments?post=461"}],"version-history":[{"count":15,"href":"https:\/\/edu.konstfack.se\/organisingdiscourse\/wp-json\/wp\/v2\/pages\/461\/revisions"}],"predecessor-version":[{"id":498,"href":"https:\/\/edu.konstfack.se\/organisingdiscourse\/wp-json\/wp\/v2\/pages\/461\/revisions\/498"}],"wp:attachment":[{"href":"https:\/\/edu.konstfack.se\/organisingdiscourse\/wp-json\/wp\/v2\/media?parent=461"}],"curies":[{"name":"wp","href":"https:\/\/api.w.org\/{rel}","templated":true}]}}