{"id":43,"date":"2015-11-03T16:40:33","date_gmt":"2015-11-03T16:40:33","guid":{"rendered":"http:\/\/edu.konstfack.se\/organisingdiscourse\/for-course-participants\/?page_id=43"},"modified":"2015-12-18T16:03:12","modified_gmt":"2015-12-18T16:03:12","slug":"schedule","status":"publish","type":"page","link":"https:\/\/edu.konstfack.se\/organisingdiscourse\/for-course-participants\/schedule\/","title":{"rendered":"Schedule"},"content":{"rendered":"<p><strong>Schedule 2015<\/strong><br \/>\nOverview of lectures and workshops<\/p>\n<p><strong>21 \u2013 23 January, Introduction Week<br \/>\n<\/strong>Course introduction and Self-presentations<\/p>\n<p><strong>11 \u2013 13 February, <\/strong><strong>Silvia Franceschini: &#8216;GLOBAL TOOLS 1973-1975: When Education will coincide with Life&#8217;<br \/>\n<\/strong>Lecture and workshop<br \/>\nSelf-presentations, research project presentations<br \/>\nItalian researcher and curator\u00a0Silvia Franceschini explores approaches to research and education as forms of discursive platforms. Here through the historical example of how Global Tools was developed as an experimental art and design counterschool in the early 1970\u2019s Italy.<\/p>\n<p><strong>4 \u2013 6 March, Can Altay: &#8216;Setting a Setting&#8217;<br \/>\n<\/strong>Lecture and workshop<br \/>\nSelf-presentations, research project presentations<br \/>\nIstanbul based artist and architect Can Altay looks at developing space and situations. Based on the idea of \u201cSetting a setting\u201d\u00a0 Can Altay discusses around different examples developed in various contexts, from the art space exhibitions and projects tosocial and urban interventions. The workshop aims at developing new settings in relation to the course.<\/p>\n<p><strong>25 \u2013 27 March, Onkar Kular: &#8216;Snowflakes\/&#8217;The cathartic institution: Doubling Konstfack&#8217;<br \/>\n<\/strong>Lecture and workshop<br \/>\nThe lecture looks at the research and practice of the British designer Onkar Kular. The lecture is used as an opportunity to map out a landscape of research in relation to his current role as Stanley Picker Fellow for Design at Kingston University, UK.<br \/>\nIn the workshop &#8216;The cathartic institution: Doubling Konstfack&#8217; we look at what happens when you take an existing format or activity out of its natural context and place within another site that has alternative environmental and structural conditions?<\/p>\n<p><strong>15 \u2013 17 April, Emily Pethick (with C\u00e9line Condorelli): &#8216;The Showroom\/Thinking Organisations&#8217;<br \/>\n<\/strong>Lecture and workshop<br \/>\nlooks the<br \/>\nThe lecture looka at organization of a small-scale art space and how it operates. Emily Pethick, director of The Showroom in London, will talk about how it has developed over the recent years through various collaborations.<br \/>\nThe workshop aims att studying\u00a0 different models of small scale visual arts organisations through visits to a number of Stockholm\u2019s arts spaces \u2013 Index, Tensta Konsthall, Konsthall C and Marabouparken \u2013 and through presentations of two organisations in the UK, Eastside Projects, Birmingham, with C\u00e9line Condorelli, and The Showroom, London.<\/p>\n<p><strong>6 \u2013 8 May, Otto von Busch &amp; Per Herngren: &#8216;Realdesign and Civic Crafts\/Recursive Resistance&#8217;<br \/>\n<\/strong>Lecture and workshops<br \/>\n+ seminars with Staffan Lundgren and Bettina Schwalm<\/p>\n<p>The lecture looks at how craft and design can function as platforms for action.<br \/>\nDesigner Otto von Otto von Busch speaks about how to possibly mobilise for justice.<br \/>\nThe workshop &#8216;Recursive Resistance&#8217; will examine how a recursive perspective oneveryday objects and practices can help frame modes of resistance and liberation through creative practices. We will mix discussions, experimentation and exercises to think and test how our own practices could trigger various levels of societal change.<\/p>\n<p><strong>27 \u2013 29 May<\/strong>, <strong>Mariana Pestana: &#8216;Alternative Possible Worlds&#8217;<br \/>\n<\/strong>Lecture and workshop<br \/>\nPortuguese architect and curator Mariana Pestana looks at how one can use reality and fiction in creating discursive spaces.<br \/>\nIn the workshop &#8216;What Could Have Been? Contextualizing and re-contextualizing everyday objects by creating fictional scenarios&#8217; she asks the question: What could an object have been in another possible world? What happens when you depart from an existing object and imagine an alternative historical, social or political context to situate it? By reimagining the conditions in which a particular object might have been produced and used (against those in which it is produced and used), we will reflect upon notions of contextualization and display in curatorial practice.<\/p>\n<p>Summer Break<\/p>\n<p><strong>2 \u2013 4 September, Repair Society: Ringv\u00e4gen<br \/>\n<\/strong>Research session<br \/>\nReserach session to prepare for workshop\/project &#8216;Repair Society: Ringv\u00e4gen&#8217; with Dutch curator Joanna van der Zanden. Reserach on the topic and locality of Ringv\u00e4gen, Stockholm. The workshop is held at FFAR (forum f\u00f6r arkitektur) at Ringv\u00e4gen 141.<\/p>\n<p><strong>16 \u2013 18 September, Emily Roysdon: &#8216;Here We LTTR&#8217;<br \/>\n<\/strong>Workshop and text peer review<br \/>\nThis workshop circulates around the NYC based artist collective LTTR, an example of an artist initiated platform combining editorial work and knowledge gathering for an annual journal with performance series, events, screenings and collaborations. In the Tensta Konsthall\u2019s exhibition \u2018Here we LTTR\u2019 we will meet with founding member, artist and professor at Konstfack Emily Roysdon for a guided tour and conversation around LTTR and the exhibition.<\/p>\n<p><strong>30 September \u2013 3 October, Joanna van der Zanden: &#8216;Repair Society: Ringv\u00e4gen&#8217;<\/strong><br \/>\nWorkshop and lecture<br \/>\nRepair Society: Ringv\u00e4gen is a temporary open research platform and workshop about Repair. It\u2019s related to the on-going project \u2018Repair Society\u2019 and part of Organising Discourse. Between 30<sup>th<\/sup> September and 3<sup>rd<\/sup> October it manifests itself as a public space for research, workshops, debates and presentations at FFAR (forum f\u00f6r arkitektur), Ringv\u00e4gen 141 in Stockholm.<\/p>\n<p><strong>8 October, Axel Wieder: Re-visiting Open Form (on Oskar Hansen)<\/strong><br \/>\nIntroduction lecture<br \/>\nThis lecture will focus on the theory of Open Form, introduced by the Polish visionary architect, artist and urban theorist Oskar Hansen, and its role for experimental pedagogy and new relationships of users and architecture. The lecture is an introduction to the upcoming workshop.<\/p>\n<p><strong>20 \u2013 22 October, Axel Wieder: Re-visiting Open Form Workshop<\/strong><br \/>\n<strong><span style=\"color: #ff0000;\">(canselled\/postponed)<\/span><\/strong><br \/>\nProject proposal presentation\/tutorial (22 Oct.)<br \/>\nThe workshop will use the theory of Open Form, introduced by the Polish visionary architect, artist and urban theorist Oskar Hansen, as a starting point to investigate the potential for design and pedagogy to create new relationships to architecture and the city.<\/p>\n<p><strong>5 \u2013 6 November, Cenk Dereli<\/strong><br \/>\nProjekt proposal presentations\/tutorials + lecture and workshop intro<br \/>\nDownload meeting PDF: <a href=\"http:\/\/edu.konstfack.se\/organisingdiscourse\/for-course-participants\/wp-content\/uploads\/2015\/11\/Organising-Discourse-meeting-9.pdf\">Organising Discourse meeting 9<\/a><br \/>\nDownload workshop PDF: <a href=\"http:\/\/edu.konstfack.se\/organisingdiscourse\/for-course-participants\/wp-content\/uploads\/2015\/11\/Organising-Discourse-Dereli-Workshop-.pdf\">Organising Discourse Dereli Workshop<\/a><\/p>\n<p>5 November (all in Room S2 at Konstfack)<br \/>\n9 \u2013 12.00 Project proposal presentation\/tutorial<br \/>\n13 \u2013 16.00 Repair Society documentation and reflection<br \/>\n17\u00a0\u2013 18.00 (aprox) lecture\/presentation with Cenk Dereli<br \/>\nThen possible after-drink together with Cenk at Landet<\/p>\n<p>6 November (at Iaspis)<br \/>\n9 &#8211; 16 workshop with Cenk Dereli<\/p>\n<p><strong>19 \u2013 20 November, Cenk Dereli<br \/>\n<\/strong>Meedia workshop continues (part 2) with Cenk Dereli (both days at Iaspis)<br \/>\nMore information soon.<\/p>\n<p><strong>3 \u2013 4 December, Axel Wieder: Re-visiting Open Form Workshop<br \/>\n<span style=\"color: #ff0000;\">(revisited)<\/span><\/strong><strong><span style=\"color: #ff0000;\"><br \/>\n<\/span><\/strong><span style=\"color: #000000;\">Download workshop PDF: <\/span><span style=\"color: #ff0000;\"><a href=\"http:\/\/edu.konstfack.se\/organisingdiscourse\/for-course-participants\/wp-content\/uploads\/2015\/11\/Organising-Discourse-Wieder-Workshop-.pdf\">Organising Discourse Wieder Workshop<\/a><\/span><strong><span style=\"color: #ff0000;\"><strong><br \/>\n<\/strong><\/span><\/strong><span style=\"color: #ff0000;\"><span style=\"color: #000000;\">More information soon.<\/span><\/span> See above.<strong><br \/>\n<\/strong><strong><br \/>\n<\/strong><\/p>\n<p><strong>14 \u2013 15 Januari, Final Presentations\/Examination<br \/>\n<\/strong>At FFAR, Ringv\u00e4gen 141, Guest Critic Bettina Schwalm<strong><br \/>\n<\/strong><\/p>\n<p>Schedule:<\/p>\n<p>Thursday 14 January (FFAR, Ringv\u00e4gen 141)<br \/>\n9 \u2013 12, 3 presentations<br \/>\n13 \u2013 16, 3 presentations<\/p>\n<p>Friday 15 January:<br \/>\n10 \u2013 12, 2 presentations<br \/>\n13 \u2013 16, 3 presentations<br \/>\nsummary<br \/>\ndinner<\/p>\n<p>Download Meeting PDF with details about the presentation requirements: <a href=\"http:\/\/edu.konstfack.se\/organisingdiscourse\/for-course-participants\/wp-content\/uploads\/2015\/11\/Organising-Discourse-project-presentation.pdf\">Organising Discourse project presentation<\/a><\/p>\n","protected":false},"excerpt":{"rendered":"<p>Schedule 2015 Overview of lectures and workshops 21 \u2013 23 January, Introduction Week Course introduction and Self-presentations 11 \u2013 13 February, Silvia Franceschini: &#8216;GLOBAL TOOLS 1973-1975: When Education will coincide with Life&#8217; Lecture and workshop Self-presentations, research project presentations Italian researcher and curator\u00a0Silvia Franceschini explores approaches to research and education as forms of discursive platforms. [&hellip;]<\/p>\n","protected":false},"author":1,"featured_media":0,"parent":0,"menu_order":0,"comment_status":"closed","ping_status":"closed","template":"page-templates\/full-width.php","meta":[],"_links":{"self":[{"href":"https:\/\/edu.konstfack.se\/organisingdiscourse\/for-course-participants\/wp-json\/wp\/v2\/pages\/43"}],"collection":[{"href":"https:\/\/edu.konstfack.se\/organisingdiscourse\/for-course-participants\/wp-json\/wp\/v2\/pages"}],"about":[{"href":"https:\/\/edu.konstfack.se\/organisingdiscourse\/for-course-participants\/wp-json\/wp\/v2\/types\/page"}],"author":[{"embeddable":true,"href":"https:\/\/edu.konstfack.se\/organisingdiscourse\/for-course-participants\/wp-json\/wp\/v2\/users\/1"}],"replies":[{"embeddable":true,"href":"https:\/\/edu.konstfack.se\/organisingdiscourse\/for-course-participants\/wp-json\/wp\/v2\/comments?post=43"}],"version-history":[{"count":11,"href":"https:\/\/edu.konstfack.se\/organisingdiscourse\/for-course-participants\/wp-json\/wp\/v2\/pages\/43\/revisions"}],"predecessor-version":[{"id":251,"href":"https:\/\/edu.konstfack.se\/organisingdiscourse\/for-course-participants\/wp-json\/wp\/v2\/pages\/43\/revisions\/251"}],"wp:attachment":[{"href":"https:\/\/edu.konstfack.se\/organisingdiscourse\/for-course-participants\/wp-json\/wp\/v2\/media?parent=43"}],"curies":[{"name":"wp","href":"https:\/\/api.w.org\/{rel}","templated":true}]}}